{"id":269,"date":"2022-08-14T10:23:27","date_gmt":"2022-08-14T08:23:27","guid":{"rendered":"https:\/\/www.services.beninfreelancecenter.com\/beninf\/?post_type=product&#038;p=269"},"modified":"2022-08-14T10:27:32","modified_gmt":"2022-08-14T08:27:32","slug":"cd-panegyrique-agenuvi-hwelinu","status":"publish","type":"product","link":"https:\/\/www.services.beninfreelancecenter.com\/beninf\/?product=cd-panegyrique-agenuvi-hwelinu","title":{"rendered":"CD-Pan\u00e9gyrique Agenuvi Hwelinu"},"content":{"rendered":"","protected":false},"excerpt":{"rendered":"<p>Mon pan\u00e9gyrique, ma vraie identit\u00e9.<\/p>\n<p>Ayant une signification tr\u00e8s profonde, le pan\u00e9gyrique permet de connecter chaque individu \u00e0 sa culture, sa vraie identit\u00e9 et lui permet de retrouver ses rep\u00e8res. Nous vous proposons de d\u00e9couvrir \u00e0 travers ce CD, le pan\u00e9gyrique des Agenuvi Hwelinu tout en vous informant sur les \u00e9l\u00e9ments comme l&rsquo;origine, les rituels, les interdits ainsi que la litanie.<img loading=\"lazy\" decoding=\"async\" class=\" wp-image-271 alignleft\" src=\"https:\/\/www.services.beninfreelancecenter.com\/beninf\/wp-content\/uploads\/2022\/08\/AGENUVI-266x300.jpg\" alt=\"\" width=\"243\" height=\"274\" srcset=\"https:\/\/www.services.beninfreelancecenter.com\/beninf\/wp-content\/uploads\/2022\/08\/AGENUVI-266x300.jpg 266w, https:\/\/www.services.beninfreelancecenter.com\/beninf\/wp-content\/uploads\/2022\/08\/AGENUVI-768x867.jpg 768w, https:\/\/www.services.beninfreelancecenter.com\/beninf\/wp-content\/uploads\/2022\/08\/AGENUVI-600x677.jpg 600w, https:\/\/www.services.beninfreelancecenter.com\/beninf\/wp-content\/uploads\/2022\/08\/AGENUVI.jpg 907w\" sizes=\"auto, (max-width: 243px) 100vw, 243px\" \/><\/p>\n","protected":false},"featured_media":0,"comment_status":"open","ping_status":"closed","template":"","meta":[],"product_cat":[15],"product_tag":[],"class_list":{"0":"post-269","1":"product","2":"type-product","3":"status-publish","5":"product_cat-non-classe","7":"first","8":"instock","9":"downloadable","10":"virtual","11":"product-type-simple"},"_links":{"self":[{"href":"https:\/\/www.services.beninfreelancecenter.com\/beninf\/index.php?rest_route=\/wp\/v2\/product\/269","targetHints":{"allow":["GET"]}}],"collection":[{"href":"https:\/\/www.services.beninfreelancecenter.com\/beninf\/index.php?rest_route=\/wp\/v2\/product"}],"about":[{"href":"https:\/\/www.services.beninfreelancecenter.com\/beninf\/index.php?rest_route=\/wp\/v2\/types\/product"}],"replies":[{"embeddable":true,"href":"https:\/\/www.services.beninfreelancecenter.com\/beninf\/index.php?rest_route=%2Fwp%2Fv2%2Fcomments&post=269"}],"wp:attachment":[{"href":"https:\/\/www.services.beninfreelancecenter.com\/beninf\/index.php?rest_route=%2Fwp%2Fv2%2Fmedia&parent=269"}],"wp:term":[{"taxonomy":"product_cat","embeddable":true,"href":"https:\/\/www.services.beninfreelancecenter.com\/beninf\/index.php?rest_route=%2Fwp%2Fv2%2Fproduct_cat&post=269"},{"taxonomy":"product_tag","embeddable":true,"href":"https:\/\/www.services.beninfreelancecenter.com\/beninf\/index.php?rest_route=%2Fwp%2Fv2%2Fproduct_tag&post=269"}],"curies":[{"name":"wp","href":"https:\/\/api.w.org\/{rel}","templated":true}]}}